{"id":451,"date":"2017-04-19T22:40:38","date_gmt":"2017-04-19T20:40:38","guid":{"rendered":"http:\/\/musicinema.es\/?page_id=451"},"modified":"2021-05-19T15:34:02","modified_gmt":"2021-05-19T13:34:02","slug":"idiomas","status":"publish","type":"page","link":"http:\/\/musicinema.es\/?page_id=451","title":{"rendered":"Idiomas"},"content":{"rendered":"<h4><strong>Learn English making music, cinema and other arts!<\/strong><\/h4>\n<h4><strong>Aprender ingl\u00e9s a trav\u00e9s de la m\u00fasica, el cine y otras artes<\/strong><\/h4>\n<p><strong>El desarrollo de capacidades comunicativas<\/strong><br \/>\nAl crear e interpretar, nos sentimos m\u00e1s seguros para soltarnos a hablar porque entendemos la comunicaci\u00f3n en otro idioma como un fin pr\u00e1ctico concreto para el proceso que estamos experimentando.<\/p>\n<p><strong>El papel de la m\u00fasica<\/strong><br \/>\nLa m\u00fasica es una poderosa herramienta nemot\u00e9cnica y de transmisi\u00f3n cultural usada desde siempre. Recursos musicales como canciones y rimas mejoran la memoria y potencian las capacidades verbales y no verbales. M\u00e1s que un aprendizaje secuenciado, pretendemos conseguir una inmersi\u00f3n plena en un entorno totalmente en ingl\u00e9s.<\/p>\n<p><strong>Un aprendizaje sincronizado<\/strong><br \/>\nAprender ingl\u00e9s dentro de un contexto art\u00edstico propicia la necesidad comunicativa y nos ayuda a construir una asociaci\u00f3n positiva. El aprendizaje sincronizado hace de puente propiciando situaciones agradables que entendemos y conocemos. Esto nos ayuda a construir una buena disposici\u00f3n ante idioma que estamos aprendiendo.<\/p>\n<p><strong>La pronunciaci\u00f3n<\/strong><br \/>\nAcompa\u00f1amos la estimulaci\u00f3n musical y el entrenamiento auditivo para conseguir resultados excelentes de pronunciaci\u00f3n del ingl\u00e9s.<\/p>\n<p><strong>El entrenamiento auditivo y la escucha \u201cListening\u201d<\/strong><br \/>\nAl trabajar el vocabulario y los giros ling\u00fc\u00edsticos mediante actividades art\u00edsticas decodificamos la estructura del idioma, su prosodia y la organizaci\u00f3n sint\u00e1ctica de las oraciones.<\/p>\n<p><strong>El aspecto cultural<\/strong><br \/>\nEl material elegido para las clases, est\u00e1 pensado para hacer vivir a los ni\u00f1os la riqueza cultural del mundo Anglosaj\u00f3n, con canciones, rimas, tradiciones y juegos populares.<\/p>\n<p><strong>Tenemos profesores y participantes multiling\u00fces<\/strong><br \/>\nTrabajamos obras corales y orquestales en Espa\u00f1ol, Ingl\u00e9s, Alem\u00e1n, Franc\u00e9s&#8230;<\/p>\n<p>Los idiomas son una necesidad com\u00fan en la vida de cualquier m\u00fasico. Siempre salpicamos nuestras rutinas con actividades multiling\u00fces que sensibilizan a los alumnos con la gran utilidad de poder expresarse en varios idiomas.<\/p>\n<p><strong>Disponible plan para aprender alem\u00e1n<\/strong><\/p>\n<p><img loading=\"lazy\" decoding=\"async\" class=\"alignnone  wp-image-230\" src=\"http:\/\/musicinema.es\/wp-content\/uploads\/2017\/04\/IMG_5816-300x225.jpg\" alt=\"\" width=\"256\" height=\"192\" srcset=\"http:\/\/musicinema.es\/wp-content\/uploads\/2017\/04\/IMG_5816-300x225.jpg 300w, http:\/\/musicinema.es\/wp-content\/uploads\/2017\/04\/IMG_5816-768x576.jpg 768w, http:\/\/musicinema.es\/wp-content\/uploads\/2017\/04\/IMG_5816-1024x768.jpg 1024w, http:\/\/musicinema.es\/wp-content\/uploads\/2017\/04\/IMG_5816.jpg 1600w\" sizes=\"(max-width: 256px) 100vw, 256px\" \/>\u00a0 \u00a0 \u00a0 \u00a0<img loading=\"lazy\" decoding=\"async\" class=\"alignnone  wp-image-365\" src=\"http:\/\/musicinema.es\/wp-content\/uploads\/2017\/04\/P1020191-300x225.jpg\" alt=\"\" width=\"257\" height=\"193\" srcset=\"http:\/\/musicinema.es\/wp-content\/uploads\/2017\/04\/P1020191-300x225.jpg 300w, http:\/\/musicinema.es\/wp-content\/uploads\/2017\/04\/P1020191-768x576.jpg 768w, http:\/\/musicinema.es\/wp-content\/uploads\/2017\/04\/P1020191-50x38.jpg 50w, http:\/\/musicinema.es\/wp-content\/uploads\/2017\/04\/P1020191.jpg 1000w\" sizes=\"(max-width: 257px) 100vw, 257px\" \/><\/p>\n","protected":false},"excerpt":{"rendered":"<p>Learn English making music, cinema and other arts! Aprender ingl\u00e9s a trav\u00e9s de la m\u00fasica, el cine y otras artes El desarrollo de capacidades comunicativas Al crear e interpretar, nos sentimos m\u00e1s seguros para soltarnos a hablar porque entendemos la comunicaci\u00f3n en otro idioma como un fin pr\u00e1ctico concreto para el proceso que estamos experimentando. [&hellip;]<\/p>\n","protected":false},"author":1,"featured_media":0,"parent":413,"menu_order":0,"comment_status":"closed","ping_status":"closed","template":"","meta":{"footnotes":""},"wppr_data":{"cwp_meta_box_check":"No"},"_links":{"self":[{"href":"http:\/\/musicinema.es\/index.php?rest_route=\/wp\/v2\/pages\/451"}],"collection":[{"href":"http:\/\/musicinema.es\/index.php?rest_route=\/wp\/v2\/pages"}],"about":[{"href":"http:\/\/musicinema.es\/index.php?rest_route=\/wp\/v2\/types\/page"}],"author":[{"embeddable":true,"href":"http:\/\/musicinema.es\/index.php?rest_route=\/wp\/v2\/users\/1"}],"replies":[{"embeddable":true,"href":"http:\/\/musicinema.es\/index.php?rest_route=%2Fwp%2Fv2%2Fcomments&post=451"}],"version-history":[{"count":6,"href":"http:\/\/musicinema.es\/index.php?rest_route=\/wp\/v2\/pages\/451\/revisions"}],"predecessor-version":[{"id":1890,"href":"http:\/\/musicinema.es\/index.php?rest_route=\/wp\/v2\/pages\/451\/revisions\/1890"}],"up":[{"embeddable":true,"href":"http:\/\/musicinema.es\/index.php?rest_route=\/wp\/v2\/pages\/413"}],"wp:attachment":[{"href":"http:\/\/musicinema.es\/index.php?rest_route=%2Fwp%2Fv2%2Fmedia&parent=451"}],"curies":[{"name":"wp","href":"https:\/\/api.w.org\/{rel}","templated":true}]}}