{"id":413,"date":"2017-04-19T22:13:00","date_gmt":"2017-04-19T20:13:00","guid":{"rendered":"http:\/\/musicinema.es\/?page_id=413"},"modified":"2021-05-19T14:47:41","modified_gmt":"2021-05-19T12:47:41","slug":"el-curso","status":"publish","type":"page","link":"http:\/\/musicinema.es\/?page_id=413","title":{"rendered":"Metodolog\u00eda"},"content":{"rendered":"<p><img loading=\"lazy\" decoding=\"async\" class=\"size-medium wp-image-1809 alignnone\" title=\"P1050958\" src=\"https:\/\/i2.wp.com\/www.elmolinoescueladeartes.com\/wp-content\/uploads\/2016\/03\/P1050958-300x168.jpg\" alt=\"\" width=\"300\" height=\"168\" \/><\/p>\n<p><strong>Contenido:<\/strong><\/p>\n<ul>\n<li>M\u00fasica: Clases de m\u00fasica por nivel\/edad<\/li>\n<li>Cine: Clases de cine por nivel\/edad<\/li>\n<li>Artes: Expresi\u00f3n corporal, Danza, artes pl\u00e1sticas, Teatro&#8230;<\/li>\n<li>Actividades recreativas: piscina, juegos<\/li>\n<li>Orquesta<\/li>\n<li>Big Band<\/li>\n<li>Improvisaci\u00f3n<\/li>\n<li>Coro<\/li>\n<li>Veladas culturales<\/li>\n<li>Tecnolog\u00eda: Producci\u00f3n, Espacio Makers, proyecto por metodolog\u00edas Agile, paneles Scrum y Canvas.<\/li>\n<\/ul>\n<p>La m\u00fasica, el cine, el teatro, la m\u00e1s nueva tecnolog\u00eda y un entorno estimulante, har\u00e1n que podamos volcar todo nuestro potencial creativo y disfrutar de unos d\u00edas inolvidables.<\/p>\n<p>Este curso de desmarca del concepto tradicional de campamento de verano por el trato individualizado el alumnado, la primera calidad de las instalaciones y servicios del alojamiento, los grupos de trabajo reducidos, la amplia oferta y la variedad de actividades y la posibilidad de hacer un plan individualizado a medida del alumno.<\/p>\n<p><strong>Enfoque por proyectos:<\/strong><\/p>\n<p>Durante los 9 d\u00edas de curso trabajamos como artistas. Partiremos de una tem\u00e1tica donde las ideas pasar\u00e1n a dar forma a un proyecto Agile. Las t\u00e9cnicas Scrum nos ayudar\u00e1n a crear, paso a paso, el espect\u00e1culo de clausura donde presentaremos todo lo trabajado a lo largo de nuestra experiencia.<\/p>\n<p><strong>El desarrollo de capacidades comunicativas:<\/strong><\/p>\n<p>Al crear e interpretar, nos sentimos m\u00e1s seguros para soltarnos a hablar porque entendemos la comunicaci\u00f3n en otro idioma como un fin pr\u00e1ctico concreto para el proceso que estamos experimentando.<\/p>\n<p><strong>El papel de la m\u00fasica:<\/strong><\/p>\n<p>La m\u00fasica es una poderosa herramienta nemot\u00e9cnica y de transmisi\u00f3n cultural usada desde siempre. Recursos musicales como canciones y rimas mejoran la memoria y potencian las capacidades verbales y no verbales. M\u00e1s que un aprendizaje secuenciado, pretendemos conseguir una inmersi\u00f3n plena en un entorno totalmente en ingl\u00e9s.<\/p>\n<p><strong>Un aprendizaje sincronizado:<\/strong><\/p>\n<p>Aprender ingl\u00e9s dentro de un contexto art\u00edstico propicia la necesidad comunicativa y nos ayuda a construir una asociaci\u00f3n positiva. El aprendizaje sincronizado hace de puente propiciando situaciones agradables que entendemos y conocemos. Esto nos ayuda a construir una buena disposici\u00f3n ante idioma que estamos aprendiendo.<\/p>\n<p><strong>La pronunciaci\u00f3n:<\/strong><\/p>\n<p>Acompa\u00f1amos la estimulaci\u00f3n musical y el entrenamiento auditivo para conseguir resultados excelentes de pronunciaci\u00f3n del ingl\u00e9s.<\/p>\n<p><strong>El entrenamiento auditivo y la escucha \u201cListening\u201d:<\/strong><\/p>\n<p>Al trabajar el vocabulario y los giros ling\u00fc\u00edsticos mediante actividades art\u00edsticas decodificamos la estructura del idioma, su prosodia y la organizaci\u00f3n sint\u00e1ctica de las oraciones.<\/p>\n<p><strong>El aspecto cultural:<\/strong><\/p>\n<p>El material elegido para las clases, est\u00e1 pensado para hacer vivir a los ni\u00f1os la riqueza cultural del mundo Anglosaj\u00f3n, con canciones, rimas, tradiciones y juegos populares.<\/p>\n","protected":false},"excerpt":{"rendered":"<p>Contenido: M\u00fasica: Clases de m\u00fasica por nivel\/edad Cine: Clases de cine por nivel\/edad Artes: Expresi\u00f3n corporal, Danza, artes pl\u00e1sticas, Teatro&#8230; Actividades recreativas: piscina, juegos Orquesta Big Band Improvisaci\u00f3n Coro Veladas culturales Tecnolog\u00eda: Producci\u00f3n, Espacio Makers, proyecto por metodolog\u00edas Agile, paneles Scrum y Canvas. La m\u00fasica, el cine, el teatro, la m\u00e1s nueva tecnolog\u00eda y un [&hellip;]<\/p>\n","protected":false},"author":1,"featured_media":0,"parent":0,"menu_order":0,"comment_status":"closed","ping_status":"closed","template":"","meta":{"footnotes":""},"wppr_data":{"cwp_meta_box_check":"No"},"_links":{"self":[{"href":"http:\/\/musicinema.es\/index.php?rest_route=\/wp\/v2\/pages\/413"}],"collection":[{"href":"http:\/\/musicinema.es\/index.php?rest_route=\/wp\/v2\/pages"}],"about":[{"href":"http:\/\/musicinema.es\/index.php?rest_route=\/wp\/v2\/types\/page"}],"author":[{"embeddable":true,"href":"http:\/\/musicinema.es\/index.php?rest_route=\/wp\/v2\/users\/1"}],"replies":[{"embeddable":true,"href":"http:\/\/musicinema.es\/index.php?rest_route=%2Fwp%2Fv2%2Fcomments&post=413"}],"version-history":[{"count":5,"href":"http:\/\/musicinema.es\/index.php?rest_route=\/wp\/v2\/pages\/413\/revisions"}],"predecessor-version":[{"id":1866,"href":"http:\/\/musicinema.es\/index.php?rest_route=\/wp\/v2\/pages\/413\/revisions\/1866"}],"wp:attachment":[{"href":"http:\/\/musicinema.es\/index.php?rest_route=%2Fwp%2Fv2%2Fmedia&parent=413"}],"curies":[{"name":"wp","href":"https:\/\/api.w.org\/{rel}","templated":true}]}}