{"id":36,"date":"2017-03-22T22:23:10","date_gmt":"2017-03-22T22:23:10","guid":{"rendered":"http:\/\/musicinema.es\/?page_id=36"},"modified":"2021-05-20T15:27:35","modified_gmt":"2021-05-20T13:27:35","slug":"edicion-2017","status":"publish","type":"page","link":"http:\/\/musicinema.es\/?page_id=36","title":{"rendered":"Curso 2021"},"content":{"rendered":"<p><img loading=\"lazy\" decoding=\"async\" class=\"wp-image-1858 alignnone aligncenter\" src=\"http:\/\/musicinema.es\/wp-content\/uploads\/2021\/05\/caracol-pequ-web.png\" alt=\"MUSICinema English Summer Camp Spain El Molino de Las Letras Curso de Verano de M\u00fasica y Cine para j\u00f3venes artistas\" width=\"59\" height=\"132\" srcset=\"http:\/\/musicinema.es\/wp-content\/uploads\/2021\/05\/caracol-pequ-web.png 112w, http:\/\/musicinema.es\/wp-content\/uploads\/2021\/05\/caracol-pequ-web-22x50.png 22w\" sizes=\"(max-width: 59px) 100vw, 59px\" \/><\/p>\n<h1 style=\"text-align: center;\"><strong> \u00a0 MUSIC<\/strong>inema 2021<\/h1>\n<p style=\"text-align: center;\"><span style=\"color: #f9b200;\"><strong>del 24 de julio al 1 de agosto de 2021<\/strong><\/span><\/p>\n<p style=\"text-align: center;\"><img loading=\"lazy\" decoding=\"async\" class=\"alignnone size-full wp-image-2021\" src=\"http:\/\/musicinema.es\/wp-content\/uploads\/2021\/05\/bandera-desaturada-web.png\" alt=\"\" width=\"85\" height=\"57\" srcset=\"http:\/\/musicinema.es\/wp-content\/uploads\/2021\/05\/bandera-desaturada-web.png 85w, http:\/\/musicinema.es\/wp-content\/uploads\/2021\/05\/bandera-desaturada-web-50x34.png 50w\" sizes=\"(max-width: 85px) 100vw, 85px\" \/><\/p>\n<p>Hemos lanzado ya nuestra nueva edici\u00f3n del <strong>Curso de Verano en ingl\u00e9s<\/strong>\u00a0<strong>con\u00a0M\u00fasica, Cine y otras Artes &#8211; English Summer Camp!<\/strong><\/p>\n<p><strong>Learn English making music, cinema and other arts<\/strong><\/p>\n<p>Aprende ingl\u00e9s a trav\u00e9s de la m\u00fasica, el cine y otras artes. <a href=\"http:\/\/musicinema.es\/?page_id=451\"><strong><span style=\"color: #f9b200;\">M\u00e1s informaci\u00f3n<\/span><\/strong><\/a><\/p>\n<p>Trabajamos por proyectos para crear un espect\u00e1culo de m\u00fasica, cine y otras artes que se presenta el \u00faltimo d\u00eda.<\/p>\n<p>Tendr\u00e1 lugar en las fant\u00e1sticas instalaciones de Gredos Centre, en la Sierra de Gredos, \u00c1vila. Un para\u00edso natural con unas agradables temperaturas, la mejor comida casera y el trato cercano de todo su equipo. <strong><a href=\"http:\/\/musicinema.es\/?page_id=1881\"><span style=\"color: #f9b200;\">M\u00e1s informaci\u00f3n<\/span><\/a><\/strong><\/p>\n<p>La m\u00fasica, el cine, el teatro, la m\u00e1s nueva tecnolog\u00eda y un entorno estimulante, har\u00e1n que podamos volcar todo nuestro potencial creativo y disfrutar de unos d\u00edas inolvidables.<\/p>\n<p>El curso est\u00e1 dirigido a todos aquellos ni\u00f1os y j\u00f3venes que deseen hacer m\u00fasica en un entorno agradable y estimulante. La inscripci\u00f3n est\u00e1 abierta a instrumentos de las secciones de: Cuerda, Viento, Piano, Percusi\u00f3n y Coro.<\/p>\n<p><strong>Las plazas de este curso son limitadas! Si te interesa, <\/strong><strong>rellena el <a href=\"http:\/\/www.elmolinodelasletras.com\/el-molino-de-verano\/musicinema\/musicinema-inscripcion\/\">formulario de inscripci\u00f3n<\/a>.<\/strong><\/p>\n\n\n<figure class=\"wp-block-embed-youtube wp-block-embed is-type-video is-provider-youtube wp-embed-aspect-16-9 wp-has-aspect-ratio\"><div class=\"wp-block-embed__wrapper\">\n<iframe loading=\"lazy\" title=\"WELCOME. MUSICINEMA.\" width=\"634\" height=\"357\" src=\"https:\/\/www.youtube.com\/embed\/YsmXk4goJP8?feature=oembed\" frameborder=\"0\" allow=\"accelerometer; autoplay; clipboard-write; encrypted-media; gyroscope; picture-in-picture\" allowfullscreen><\/iframe>\n<\/div><\/figure>\n","protected":false},"excerpt":{"rendered":"<p>\u00a0 MUSICinema 2021 del 24 de julio al 1 de agosto de 2021 Hemos lanzado ya nuestra nueva edici\u00f3n del Curso de Verano en ingl\u00e9s\u00a0con\u00a0M\u00fasica, Cine y otras Artes &#8211; English Summer Camp! Learn English making music, cinema and other arts Aprende ingl\u00e9s a trav\u00e9s de la m\u00fasica, el cine y otras artes. M\u00e1s informaci\u00f3n [&hellip;]<\/p>\n","protected":false},"author":1,"featured_media":0,"parent":0,"menu_order":0,"comment_status":"closed","ping_status":"closed","template":"","meta":{"footnotes":""},"wppr_data":{"cwp_meta_box_check":"No"},"_links":{"self":[{"href":"http:\/\/musicinema.es\/index.php?rest_route=\/wp\/v2\/pages\/36"}],"collection":[{"href":"http:\/\/musicinema.es\/index.php?rest_route=\/wp\/v2\/pages"}],"about":[{"href":"http:\/\/musicinema.es\/index.php?rest_route=\/wp\/v2\/types\/page"}],"author":[{"embeddable":true,"href":"http:\/\/musicinema.es\/index.php?rest_route=\/wp\/v2\/users\/1"}],"replies":[{"embeddable":true,"href":"http:\/\/musicinema.es\/index.php?rest_route=%2Fwp%2Fv2%2Fcomments&post=36"}],"version-history":[{"count":24,"href":"http:\/\/musicinema.es\/index.php?rest_route=\/wp\/v2\/pages\/36\/revisions"}],"predecessor-version":[{"id":2035,"href":"http:\/\/musicinema.es\/index.php?rest_route=\/wp\/v2\/pages\/36\/revisions\/2035"}],"wp:attachment":[{"href":"http:\/\/musicinema.es\/index.php?rest_route=%2Fwp%2Fv2%2Fmedia&parent=36"}],"curies":[{"name":"wp","href":"https:\/\/api.w.org\/{rel}","templated":true}]}}