{"id":2028,"date":"2021-05-20T15:02:35","date_gmt":"2021-05-20T13:02:35","guid":{"rendered":"http:\/\/musicinema.es\/?page_id=2028"},"modified":"2021-05-20T15:02:35","modified_gmt":"2021-05-20T13:02:35","slug":"aviso-legal-2","status":"publish","type":"page","link":"http:\/\/musicinema.es\/?page_id=2028","title":{"rendered":"Aviso Legal"},"content":{"rendered":"\n<p>DATOS GENERALES<\/p>\n\n\n\n<p>De acuerdo con el art\u00edculo 10 de la Ley 34\/2002, de 11 de julio, de Servicios de la Sociedad de la Informaci\u00f3n y de Comercio Electr\u00f3nico ponemos a su disposici\u00f3n los siguientes datos:<\/p>\n\n\n\n<p>Carandela, SL est\u00e1 domiciliada en la calle F\u00facar,13 \u2013 28014 Madrid, con CIF B86017969. Inscrita en el Registro Mercantil de Madrid, . con los datos registrales T 28069 , F 50, S 8, H M 505785, I\/A 1 ( 8.10.10).<\/p>\n\n\n\n<p>En la web www.elmolinodelasletras.com hay una serie de contenidos de car\u00e1cter informativo sobre la actividad de la escuela de artes.<\/p>\n\n\n\n<p>Su principal objetivo es facilitar a los clientes y al p\u00fablico en general, la informaci\u00f3n relativa a la empresa, a los productos y servicios que se ofrecen.<\/p>\n\n\n\n<p>POL\u00cdTICA DE PRIVACIDAD<\/p>\n\n\n\n<p>En cumplimiento de lo dispuesto en la Ley Org\u00e1nica 15\/1999, de 13 de Diciembre, de Protecci\u00f3n de Datos de Car\u00e1cter Personal (LOPD) se informa al usuario que todos los datos que nos proporcione ser\u00e1n incorporados a un fichero, creado y mantenido bajo la responsabilidad de Carandela, SL<\/p>\n\n\n\n<p>Siempre se va a respetar la confidencialidad de sus datos personales que s\u00f3lo ser\u00e1n utilizados con la finalidad de gestionar los servicios ofrecidos, atender a las solicitudes que nos plantee, realizar tareas administrativas, as\u00ed como remitir informaci\u00f3n t\u00e9cnica, comercial o publicitaria por v\u00eda ordinaria o electr\u00f3nica.<\/p>\n\n\n\n<p>Para el ejercicio de los derechos de acceso, rectificaci\u00f3n, cancelaci\u00f3n u oposici\u00f3n, podr\u00e1n dirigirse en cualquier momento a dicha oficina, en el domicilio situado en la calle C\/ F\u00facar n\u00ba13 \u2013Bajo 1 28014 Madrid o a la direcci\u00f3n de correo elmolinodelasletras@gmail.com.<\/p>\n\n\n\n<p>CONDICIONES DE USO<\/p>\n\n\n\n<p>Las condiciones de acceso y uso del presente sitio web se rigen por la legalidad vigente y por el principio de buena fe comprometi\u00e9ndose el usuario a realizar un buen uso de la web. No se permiten conductas que vayan contra la ley, los derechos o intereses de terceros.<\/p>\n\n\n\n<p>Ser usuario de la web www.elmolinoescueladeartes.com implica que reconoce haber le\u00eddo y aceptado las presentes condiciones y lo que las extienda la normativa legal aplicable en esta materia. Si por el motivo que fuere no est\u00e1 de acuerdo con estas condiciones no contin\u00fae usando esta web.<\/p>\n\n\n\n<p>Cualquier tipo de notificaci\u00f3n y\/o reclamaci\u00f3n solamente ser\u00e1 v\u00e1lida por notificaci\u00f3n escrita y\/o correo certificado.<\/p>\n\n\n\n<p>RESPONSABILIDADES<\/p>\n\n\n\n<p>Carandela, SL no se hace responsable de la informaci\u00f3n y contenidos almacenados en foros, redes sociales o cualesquier otro medio que permita a terceros publicar contenidos de forma independiente en la p\u00e1gina web del prestador.<\/p>\n\n\n\n<p>Sin embargo, teniendo en cuenta los art. 11 y 16 de la LSSI-CE, Carandela, SL se compromete a la retirada o en su caso bloqueo de aquellos contenidos que pudieran afectar o contravenir la legislaci\u00f3n nacional o internacional, derechos de terceros o la moral y el orden p\u00fablico.<\/p>\n\n\n\n<p>Tampoco la empresa se responsabilizar\u00e1 de los da\u00f1os y perjuicios que se produzcan por fallos o malas configuraciones del software instalado en el ordenador del internauta. Se excluye toda responsabilidad por alguna incidencia t\u00e9cnica o fallo que se produzca cuando el usuario se conecte a internet. Igualmente no se garantiza la inexistencia de interrupciones o errores en el acceso al sitio web.<\/p>\n\n\n\n<p>As\u00ed mismo, Caradela, SL se reserva el derecho a actualizar, modificar o eliminar la informaci\u00f3n contenida en su p\u00e1gina web, as\u00ed como la configuraci\u00f3n o presentaci\u00f3n del mismo, en cualquier momento sin asumir alguna responsabilidad por ello.<\/p>\n\n\n\n<p>Le comunicamos que cualquier precio que pueda ver en nuestra web ser\u00e1 solamente orientativo. Si el usuario desea saber con exactitud el precio o si el producto en el momento actual cuenta con alguna oferta de la cual se puede beneficiar ha de acudir a alguna de las sedes f\u00edsicas con las que cuenta Carandela, SL<\/p>\n\n\n\n<p>PROPIEDAD INTELECTUAL E INDUSTRIAL<\/p>\n\n\n\n<p>Carandela, SL es titular de todos los derechos sobre el software de la publicaci\u00f3n digital as\u00ed como de los derechos de propiedad industrial e intelectual referidos a los contenidos que se incluyan, a excepci\u00f3n de los derechos sobre productos y servicios de car\u00e1cter p\u00fablico que no son propiedad de esta empresa.<\/p>\n\n\n\n<p>Ning\u00fan material publicado en esta web podr\u00e1 ser reproducido, copiado o publicado sin el consentimiento por escrito de Carandela, SL.<\/p>\n\n\n\n<p>Toda la informaci\u00f3n que se reciba en la web, como comentarios, sugerencias o ideas, se considerar\u00e1 cedida a Carandela, SL de manera gratuita. No debe enviarse informaci\u00f3n que NO pueda ser tratada de este modo.<\/p>\n\n\n\n<p>Todos los productos y servicios de estas p\u00e1ginas que NO son propiedad de Carandela, SL son marcas registradas de sus respectivos propietarios y son reconocidas como tales por nuestra empresa. Solamente aparecen en la web de Carandela, SL a efectos de promoci\u00f3n y de recopilaci\u00f3n de informaci\u00f3n. Estos propietarios pueden solicitar la modificaci\u00f3n o eliminaci\u00f3n de la informaci\u00f3n que les pertenece.<\/p>\n\n\n\n<p>LEY APLICABLE Y JURISDICCI\u00d3N<\/p>\n\n\n\n<p>Las presentes condiciones generales se rigen por la legislaci\u00f3n espa\u00f1ola. Para cualquier litigio que pudiera surgir relacionado con el sitio web o la actividad que en \u00e9l se desarrolla ser\u00e1n competentes Juzgados de Madrid, renunciando expresamente el usuario a cualquier otro fuero que pudiera corresponderle.<\/p>\n\n\n\n<p>POL\u00cdTICA DE COOKIES<\/p>\n\n\n\n<p>Carandela, SL,&nbsp;por su propia cuenta o la de un tercero contratado para prestaci\u00f3n de servicios de medici\u00f3n, pueden utilizar cookies cuando el usuario navega por el sitio web. Las cookies son ficheros enviados al navegador por medio de un servicio web con la finalidad de registrar las actividades del usuario durante su tiempo de navegaci\u00f3n.<\/p>\n\n\n\n<p>Las cookies utilizadas se asocian \u00fanicamente con un usuario an\u00f3nimo y su ordenador, y no proporcionan por s\u00ed mismas los datos personales del usuario.<\/p>\n\n\n\n<p>Mediante el uso de las cookies resulta posible que el servidor donde se encuentra la web reconozca el navegador web utilizado por el usuario con la finalidad de que la navegaci\u00f3n sea m\u00e1s sencilla. Se utilizan tambi\u00e9n para medir la audiencia y par\u00e1metros del tr\u00e1fico, controlar el proceso y n\u00famero de entradas.<\/p>\n\n\n\n<p>El usuario tiene la posibilidad de configurar su navegador para ser avisado de la recepci\u00f3n de cookies y para impedir su instalaci\u00f3n en su equipo. Por favor consulte las instrucciones y manuales de su navegador para ampliar esta informaci\u00f3n.<\/p>\n\n\n\n<p>Para utilizar el sitio web no es necesario que el usuario permita la instalaci\u00f3n de las cookies enviadas al sitio web, o el tercero que act\u00fae en su nombre, sin perjuicio de que sea necesario que el usuario inicie una sesi\u00f3n tal en cada uno de los servicios cuya prestaci\u00f3n requiera el previo registro.<\/p>\n\n\n\n<p>En todo caso las cookies tienen un car\u00e1cter temporal con la \u00fanica finalidad de hacer m\u00e1s eficaz su transmisi\u00f3n ulterior. En ning\u00fan caso se utilizar\u00e1 cookies para recoger informaci\u00f3n de car\u00e1cter personal.<\/p>\n","protected":false},"excerpt":{"rendered":"<p>DATOS GENERALES De acuerdo con el art\u00edculo 10 de la Ley 34\/2002, de 11 de julio, de Servicios de la Sociedad de la Informaci\u00f3n y de Comercio Electr\u00f3nico ponemos a su disposici\u00f3n los siguientes datos: Carandela, SL est\u00e1 domiciliada en la calle F\u00facar,13 \u2013 28014 Madrid, con CIF B86017969. Inscrita en el Registro Mercantil de [&hellip;]<\/p>\n","protected":false},"author":1,"featured_media":0,"parent":0,"menu_order":0,"comment_status":"closed","ping_status":"closed","template":"","meta":{"footnotes":""},"wppr_data":{"cwp_meta_box_check":"No"},"_links":{"self":[{"href":"http:\/\/musicinema.es\/index.php?rest_route=\/wp\/v2\/pages\/2028"}],"collection":[{"href":"http:\/\/musicinema.es\/index.php?rest_route=\/wp\/v2\/pages"}],"about":[{"href":"http:\/\/musicinema.es\/index.php?rest_route=\/wp\/v2\/types\/page"}],"author":[{"embeddable":true,"href":"http:\/\/musicinema.es\/index.php?rest_route=\/wp\/v2\/users\/1"}],"replies":[{"embeddable":true,"href":"http:\/\/musicinema.es\/index.php?rest_route=%2Fwp%2Fv2%2Fcomments&post=2028"}],"version-history":[{"count":1,"href":"http:\/\/musicinema.es\/index.php?rest_route=\/wp\/v2\/pages\/2028\/revisions"}],"predecessor-version":[{"id":2030,"href":"http:\/\/musicinema.es\/index.php?rest_route=\/wp\/v2\/pages\/2028\/revisions\/2030"}],"wp:attachment":[{"href":"http:\/\/musicinema.es\/index.php?rest_route=%2Fwp%2Fv2%2Fmedia&parent=2028"}],"curies":[{"name":"wp","href":"https:\/\/api.w.org\/{rel}","templated":true}]}}