{"id":1885,"date":"2021-05-19T15:26:53","date_gmt":"2021-05-19T13:26:53","guid":{"rendered":"http:\/\/musicinema.es\/?page_id=1885"},"modified":"2021-05-20T14:44:54","modified_gmt":"2021-05-20T12:44:54","slug":"profesores","status":"publish","type":"page","link":"http:\/\/musicinema.es\/?page_id=1885","title":{"rendered":"Profesores"},"content":{"rendered":"\n<p>El equipo de Profesores cuenta con una amplia trayectoria pedag\u00f3gica infantil y juvenil. Los alumnos estar\u00e1n acompa\u00f1ados en todo momento por los profesores, que organizar\u00e1n actividades de ocio de inter\u00e9s cultural y de esparcimiento aparte de las actividades musicales de cine y los ensayos.<\/p>\n\n\n\n<p><strong>C\u00f3mo trabajamos<\/strong><\/p>\n\n\n\n<p>\u2013 Generando situaciones educativas agradables y divertidas que permitan crear asociaciones positivas relacionadas con la m\u00fasica en cada ni\u00f1o y en su relaci\u00f3n con los otros.&nbsp;En el entorno seguro, acogedor y c\u00e1lido.<\/p>\n\n\n\n<p>\u2013 Con un conjunto de propuestas variadas en clases\u00a0a cargo de nuestro profesional y entregado equipo de profesores. Nos relacionamos\u00a0con los participantes\u00a0como una verdadera orquesta en la que cada participante aporte su voz y\u00a0su\u00a0estilo de aprendizaje para enriquecer con su individualidad\u00a0la realidad grupal.<br> \u2013\u00a0Fomentando un\u00a0aprendizaje musical\u00a0y del ingl\u00e9s\u00a0activo e integral tanto en la preparaci\u00f3n a la pr\u00e1ctica instrumental y vocal como en la adquisici\u00f3n de unas aptitudes de escuchar, interesarse, entender y de disfrutar de la m\u00fasica.<\/p>\n\n\n\n<figure class=\"wp-block-image size-large\"><img loading=\"lazy\" decoding=\"async\" width=\"589\" height=\"664\" src=\"http:\/\/musicinema.es\/wp-content\/uploads\/2021\/05\/MUSICinema0035.jpg\" alt=\"\" class=\"wp-image-1932\" srcset=\"http:\/\/musicinema.es\/wp-content\/uploads\/2021\/05\/MUSICinema0035.jpg 589w, http:\/\/musicinema.es\/wp-content\/uploads\/2021\/05\/MUSICinema0035-266x300.jpg 266w, http:\/\/musicinema.es\/wp-content\/uploads\/2021\/05\/MUSICinema0035-44x50.jpg 44w\" sizes=\"(max-width: 589px) 100vw, 589px\" \/><\/figure>\n\n\n\n<p><\/p>\n","protected":false},"excerpt":{"rendered":"<p>El equipo de Profesores cuenta con una amplia trayectoria pedag\u00f3gica infantil y juvenil. Los alumnos estar\u00e1n acompa\u00f1ados en todo momento por los profesores, que organizar\u00e1n actividades de ocio de inter\u00e9s cultural y de esparcimiento aparte de las actividades musicales de cine y los ensayos. C\u00f3mo trabajamos \u2013 Generando situaciones educativas agradables y divertidas que permitan [&hellip;]<\/p>\n","protected":false},"author":1,"featured_media":0,"parent":36,"menu_order":0,"comment_status":"closed","ping_status":"closed","template":"","meta":{"footnotes":""},"wppr_data":{"cwp_meta_box_check":"No"},"_links":{"self":[{"href":"http:\/\/musicinema.es\/index.php?rest_route=\/wp\/v2\/pages\/1885"}],"collection":[{"href":"http:\/\/musicinema.es\/index.php?rest_route=\/wp\/v2\/pages"}],"about":[{"href":"http:\/\/musicinema.es\/index.php?rest_route=\/wp\/v2\/types\/page"}],"author":[{"embeddable":true,"href":"http:\/\/musicinema.es\/index.php?rest_route=\/wp\/v2\/users\/1"}],"replies":[{"embeddable":true,"href":"http:\/\/musicinema.es\/index.php?rest_route=%2Fwp%2Fv2%2Fcomments&post=1885"}],"version-history":[{"count":2,"href":"http:\/\/musicinema.es\/index.php?rest_route=\/wp\/v2\/pages\/1885\/revisions"}],"predecessor-version":[{"id":2019,"href":"http:\/\/musicinema.es\/index.php?rest_route=\/wp\/v2\/pages\/1885\/revisions\/2019"}],"up":[{"embeddable":true,"href":"http:\/\/musicinema.es\/index.php?rest_route=\/wp\/v2\/pages\/36"}],"wp:attachment":[{"href":"http:\/\/musicinema.es\/index.php?rest_route=%2Fwp%2Fv2%2Fmedia&parent=1885"}],"curies":[{"name":"wp","href":"https:\/\/api.w.org\/{rel}","templated":true}]}}