{"id":1881,"date":"2021-05-19T15:24:54","date_gmt":"2021-05-19T13:24:54","guid":{"rendered":"http:\/\/musicinema.es\/?page_id=1881"},"modified":"2021-05-19T15:24:54","modified_gmt":"2021-05-19T13:24:54","slug":"alojamiento","status":"publish","type":"page","link":"http:\/\/musicinema.es\/?page_id=1881","title":{"rendered":"Alojamiento"},"content":{"rendered":"\n<p><strong>Gredos Centre<\/strong><\/p>\n\n\n\n<p>Gredos, \u00c1vila<\/p>\n\n\n\n<p>El curso tendr\u00e1 lugar en las fant\u00e1sticas instalaciones de Gredos Centre. Un para\u00edso natural con unas agradables temperaturas, la mejor comida casera y el trato cercano de todo su equipo.<\/p>\n\n\n\n<figure class=\"wp-block-gallery columns-3 is-cropped wp-block-gallery-1 is-layout-flex wp-block-gallery-is-layout-flex\"><ul class=\"blocks-gallery-grid\"><li class=\"blocks-gallery-item\"><figure><img loading=\"lazy\" decoding=\"async\" width=\"500\" height=\"375\" src=\"http:\/\/musicinema.es\/wp-content\/uploads\/2017\/03\/10619515.jpg\" alt=\"\" data-id=\"98\" data-full-url=\"http:\/\/musicinema.es\/wp-content\/uploads\/2017\/03\/10619515.jpg\" data-link=\"http:\/\/musicinema.es\/?attachment_id=98\" class=\"wp-image-98\" srcset=\"http:\/\/musicinema.es\/wp-content\/uploads\/2017\/03\/10619515.jpg 500w, http:\/\/musicinema.es\/wp-content\/uploads\/2017\/03\/10619515-300x225.jpg 300w\" sizes=\"(max-width: 500px) 100vw, 500px\" \/><\/figure><\/li><li class=\"blocks-gallery-item\"><figure><img loading=\"lazy\" decoding=\"async\" width=\"850\" height=\"567\" src=\"http:\/\/musicinema.es\/wp-content\/uploads\/2017\/03\/gredos-hall.jpg\" alt=\"\" data-id=\"102\" data-full-url=\"http:\/\/musicinema.es\/wp-content\/uploads\/2017\/03\/gredos-hall.jpg\" data-link=\"http:\/\/musicinema.es\/?attachment_id=102\" class=\"wp-image-102\" srcset=\"http:\/\/musicinema.es\/wp-content\/uploads\/2017\/03\/gredos-hall.jpg 850w, http:\/\/musicinema.es\/wp-content\/uploads\/2017\/03\/gredos-hall-300x200.jpg 300w, http:\/\/musicinema.es\/wp-content\/uploads\/2017\/03\/gredos-hall-768x512.jpg 768w\" sizes=\"(max-width: 850px) 100vw, 850px\" \/><\/figure><\/li><li class=\"blocks-gallery-item\"><figure><img loading=\"lazy\" decoding=\"async\" width=\"723\" height=\"407\" src=\"http:\/\/musicinema.es\/wp-content\/uploads\/2017\/03\/imagen.jpg\" alt=\"\" data-id=\"104\" data-full-url=\"http:\/\/musicinema.es\/wp-content\/uploads\/2017\/03\/imagen.jpg\" data-link=\"http:\/\/musicinema.es\/?attachment_id=104\" class=\"wp-image-104\" srcset=\"http:\/\/musicinema.es\/wp-content\/uploads\/2017\/03\/imagen.jpg 723w, http:\/\/musicinema.es\/wp-content\/uploads\/2017\/03\/imagen-300x169.jpg 300w\" sizes=\"(max-width: 723px) 100vw, 723px\" \/><\/figure><\/li><li class=\"blocks-gallery-item\"><figure><img loading=\"lazy\" decoding=\"async\" width=\"804\" height=\"580\" src=\"http:\/\/musicinema.es\/wp-content\/uploads\/2020\/06\/AlbergueJuvenilNavarredonda001.png\" alt=\"AlbergueJuvenilNavarredonda001\" data-id=\"1233\" data-full-url=\"http:\/\/musicinema.es\/wp-content\/uploads\/2020\/06\/AlbergueJuvenilNavarredonda001.png\" data-link=\"http:\/\/musicinema.es\/?attachment_id=1233\" class=\"wp-image-1233\" srcset=\"http:\/\/musicinema.es\/wp-content\/uploads\/2020\/06\/AlbergueJuvenilNavarredonda001.png 804w, http:\/\/musicinema.es\/wp-content\/uploads\/2020\/06\/AlbergueJuvenilNavarredonda001-300x216.png 300w, http:\/\/musicinema.es\/wp-content\/uploads\/2020\/06\/AlbergueJuvenilNavarredonda001-768x554.png 768w, http:\/\/musicinema.es\/wp-content\/uploads\/2020\/06\/AlbergueJuvenilNavarredonda001-50x36.png 50w\" sizes=\"(max-width: 804px) 100vw, 804px\" \/><\/figure><\/li><li class=\"blocks-gallery-item\"><figure><img loading=\"lazy\" decoding=\"async\" width=\"802\" height=\"578\" src=\"http:\/\/musicinema.es\/wp-content\/uploads\/2020\/06\/AlbergueJuvenilNavarredonda002.png\" alt=\"AlbergueJuvenilNavarredonda002\" data-id=\"1234\" data-full-url=\"http:\/\/musicinema.es\/wp-content\/uploads\/2020\/06\/AlbergueJuvenilNavarredonda002.png\" data-link=\"http:\/\/musicinema.es\/?attachment_id=1234\" class=\"wp-image-1234\" srcset=\"http:\/\/musicinema.es\/wp-content\/uploads\/2020\/06\/AlbergueJuvenilNavarredonda002.png 802w, http:\/\/musicinema.es\/wp-content\/uploads\/2020\/06\/AlbergueJuvenilNavarredonda002-300x216.png 300w, http:\/\/musicinema.es\/wp-content\/uploads\/2020\/06\/AlbergueJuvenilNavarredonda002-768x553.png 768w, http:\/\/musicinema.es\/wp-content\/uploads\/2020\/06\/AlbergueJuvenilNavarredonda002-50x36.png 50w\" sizes=\"(max-width: 802px) 100vw, 802px\" \/><\/figure><\/li><li class=\"blocks-gallery-item\"><figure><img loading=\"lazy\" decoding=\"async\" width=\"160\" height=\"120\" src=\"http:\/\/musicinema.es\/wp-content\/uploads\/2017\/03\/gredos.jpg\" alt=\"\" data-id=\"101\" data-full-url=\"http:\/\/musicinema.es\/wp-content\/uploads\/2017\/03\/gredos.jpg\" data-link=\"http:\/\/musicinema.es\/?attachment_id=101\" class=\"wp-image-101\"\/><\/figure><\/li><\/ul><\/figure>\n","protected":false},"excerpt":{"rendered":"<p>Gredos Centre Gredos, \u00c1vila El curso tendr\u00e1 lugar en las fant\u00e1sticas instalaciones de Gredos Centre. Un para\u00edso natural con unas agradables temperaturas, la mejor comida casera y el trato cercano de todo su equipo.<\/p>\n","protected":false},"author":1,"featured_media":0,"parent":0,"menu_order":0,"comment_status":"closed","ping_status":"closed","template":"","meta":{"footnotes":""},"wppr_data":{"cwp_meta_box_check":"No"},"_links":{"self":[{"href":"http:\/\/musicinema.es\/index.php?rest_route=\/wp\/v2\/pages\/1881"}],"collection":[{"href":"http:\/\/musicinema.es\/index.php?rest_route=\/wp\/v2\/pages"}],"about":[{"href":"http:\/\/musicinema.es\/index.php?rest_route=\/wp\/v2\/types\/page"}],"author":[{"embeddable":true,"href":"http:\/\/musicinema.es\/index.php?rest_route=\/wp\/v2\/users\/1"}],"replies":[{"embeddable":true,"href":"http:\/\/musicinema.es\/index.php?rest_route=%2Fwp%2Fv2%2Fcomments&post=1881"}],"version-history":[{"count":1,"href":"http:\/\/musicinema.es\/index.php?rest_route=\/wp\/v2\/pages\/1881\/revisions"}],"predecessor-version":[{"id":1883,"href":"http:\/\/musicinema.es\/index.php?rest_route=\/wp\/v2\/pages\/1881\/revisions\/1883"}],"wp:attachment":[{"href":"http:\/\/musicinema.es\/index.php?rest_route=%2Fwp%2Fv2%2Fmedia&parent=1881"}],"curies":[{"name":"wp","href":"https:\/\/api.w.org\/{rel}","templated":true}]}}