{"id":149,"date":"2017-04-03T20:49:40","date_gmt":"2017-04-03T18:49:40","guid":{"rendered":"http:\/\/musicinema.es\/?page_id=149"},"modified":"2021-05-20T14:19:44","modified_gmt":"2021-05-20T12:19:44","slug":"music","status":"publish","type":"page","link":"http:\/\/musicinema.es\/?page_id=149","title":{"rendered":"M\u00fasica"},"content":{"rendered":"<p>\u00bfCantas o tocas un instrumento y quieres pas\u00e1rtelo en grande este verano?<\/p>\n<p>\u00bfLlevas poco tiempo estudiando m\u00fasica o est\u00e1s en el conservatorio terminando tus estudios?<\/p>\n<p><strong>\u00a1Vente a MUSICinema!<\/strong><\/p>\n<p>Todo el mundo tiene cabida en nuestro English Summer Camp. Montaremos un repertorio en el que cada uno dar\u00e1 lo mejor de s\u00ed mismo.<\/p>\n<p>Cuerda, viento, percusi\u00f3n, teclados, voz&#8230; integraremos todo para tocar en la orquesta, improvisar temas y cantar en el coro. Cada a\u00f1o desarrollamos una tem\u00e1tica distinta; en cursos anteriores, temas como M\u00fasicas del mundo, Historia del Tango o Bandas Sonoras del Cine Europeo, han permitido realizar unos fant\u00e1sticos, inolvidables\u00a0 y maravillosos conciertos. \u00bfQu\u00e9 ser\u00e1 este a\u00f1o?<\/p>\n<p>\u00a1Prueba ,Vente y Disfruta!<\/p>\n<p><iframe loading=\"lazy\" title=\"CampaMolino 01 acortado y con momentos graciosos\" width=\"634\" height=\"357\" src=\"https:\/\/www.youtube.com\/embed\/VkLucZ1xZNY?feature=oembed\" frameborder=\"0\" allow=\"accelerometer; autoplay; clipboard-write; encrypted-media; gyroscope; picture-in-picture\" allowfullscreen><\/iframe><\/p>\n<p><iframe loading=\"lazy\" title=\"CampaMolino 04\" width=\"634\" height=\"357\" src=\"https:\/\/www.youtube.com\/embed\/L8ADbZ1c91I?feature=oembed\" frameborder=\"0\" allow=\"accelerometer; autoplay; clipboard-write; encrypted-media; gyroscope; picture-in-picture\" allowfullscreen><\/iframe><\/p>\n<p><iframe loading=\"lazy\" title=\"CampaMolino 01 acortado y con momentos graciosos\" width=\"634\" height=\"357\" src=\"https:\/\/www.youtube.com\/embed\/VkLucZ1xZNY?feature=oembed\" frameborder=\"0\" allow=\"accelerometer; autoplay; clipboard-write; encrypted-media; gyroscope; picture-in-picture\" allowfullscreen><\/iframe><\/p>\n","protected":false},"excerpt":{"rendered":"<p>\u00bfCantas o tocas un instrumento y quieres pas\u00e1rtelo en grande este verano? \u00bfLlevas poco tiempo estudiando m\u00fasica o est\u00e1s en el conservatorio terminando tus estudios? \u00a1Vente a MUSICinema! Todo el mundo tiene cabida en nuestro English Summer Camp. Montaremos un repertorio en el que cada uno dar\u00e1 lo mejor de s\u00ed mismo. Cuerda, viento, percusi\u00f3n, [&hellip;]<\/p>\n","protected":false},"author":1,"featured_media":0,"parent":413,"menu_order":3,"comment_status":"closed","ping_status":"closed","template":"","meta":{"footnotes":""},"wppr_data":{"cwp_meta_box_check":"No"},"_links":{"self":[{"href":"http:\/\/musicinema.es\/index.php?rest_route=\/wp\/v2\/pages\/149"}],"collection":[{"href":"http:\/\/musicinema.es\/index.php?rest_route=\/wp\/v2\/pages"}],"about":[{"href":"http:\/\/musicinema.es\/index.php?rest_route=\/wp\/v2\/types\/page"}],"author":[{"embeddable":true,"href":"http:\/\/musicinema.es\/index.php?rest_route=\/wp\/v2\/users\/1"}],"replies":[{"embeddable":true,"href":"http:\/\/musicinema.es\/index.php?rest_route=%2Fwp%2Fv2%2Fcomments&post=149"}],"version-history":[{"count":12,"href":"http:\/\/musicinema.es\/index.php?rest_route=\/wp\/v2\/pages\/149\/revisions"}],"predecessor-version":[{"id":2006,"href":"http:\/\/musicinema.es\/index.php?rest_route=\/wp\/v2\/pages\/149\/revisions\/2006"}],"up":[{"embeddable":true,"href":"http:\/\/musicinema.es\/index.php?rest_route=\/wp\/v2\/pages\/413"}],"wp:attachment":[{"href":"http:\/\/musicinema.es\/index.php?rest_route=%2Fwp%2Fv2%2Fmedia&parent=149"}],"curies":[{"name":"wp","href":"https:\/\/api.w.org\/{rel}","templated":true}]}}