{"id":135,"date":"2017-04-03T19:45:25","date_gmt":"2017-04-03T17:45:25","guid":{"rendered":"http:\/\/musicinema.es\/?page_id=135"},"modified":"2021-05-19T15:28:11","modified_gmt":"2021-05-19T13:28:11","slug":"videoteca","status":"publish","type":"page","link":"http:\/\/musicinema.es\/?page_id=135","title":{"rendered":"Cinema"},"content":{"rendered":"<p>3,2,1&#8230;&#8230;. ACCi\u00d3N! &nbsp;En las clases de cine aprenderemos c\u00f3mo funciona el s\u00e9ptimo arte en sus fases de preproducci\u00f3n, producci\u00f3n y postproduci\u00f3n.<\/p>\n<div id='custom-gallery gallery-135' class='gallery galleryid-135 gallery-columns-3'>\n<dl class='gallery-item gallery-columns-3'><a href=\"http:\/\/musicinema.es\/wp-content\/uploads\/2017\/04\/DSC01042.jpg\" rel='post-135' class=\"fancybox\" title=''>\n<div class='gallery-item-thumb'><img decoding=\"async\" src=\"http:\/\/musicinema.es\/wp-content\/uploads\/2017\/04\/DSC01042.jpg\" alt='' \/><\/div>\n<div class='wp-caption-text'><\/div><\/a>\n<\/dl><dl class='gallery-item gallery-columns-3'><a href=\"http:\/\/musicinema.es\/wp-content\/uploads\/2017\/03\/DSC01053.jpg\" rel='post-135' class=\"fancybox\" title=''>\n<div class='gallery-item-thumb'><img decoding=\"async\" src=\"http:\/\/musicinema.es\/wp-content\/uploads\/2017\/03\/DSC01053.jpg\" alt='' \/><\/div>\n<div class='wp-caption-text'><\/div><\/a>\n<\/dl><dl class='gallery-item gallery-columns-3'><a href=\"http:\/\/musicinema.es\/wp-content\/uploads\/2017\/03\/P1020258-150x150.jpg\" rel='post-135' class=\"fancybox\" title=''>\n<div class='gallery-item-thumb'><img decoding=\"async\" src=\"http:\/\/musicinema.es\/wp-content\/uploads\/2017\/03\/P1020258-150x150.jpg\" alt='' \/><\/div>\n<div class='wp-caption-text'><\/div><\/a>\n<\/dl><dl class='gallery-item gallery-columns-3'><a href=\"http:\/\/musicinema.es\/wp-content\/uploads\/2017\/04\/DSC01045.jpg\" rel='post-135' class=\"fancybox\" title=''>\n<div class='gallery-item-thumb'><img decoding=\"async\" src=\"http:\/\/musicinema.es\/wp-content\/uploads\/2017\/04\/DSC01045.jpg\" alt='' \/><\/div>\n<div class='wp-caption-text'><\/div><\/a>\n<\/dl><dl class='gallery-item gallery-columns-3'><a href=\"http:\/\/musicinema.es\/wp-content\/uploads\/2017\/03\/DSC01057.jpg\" rel='post-135' class=\"fancybox\" title=''>\n<div class='gallery-item-thumb'><img decoding=\"async\" src=\"http:\/\/musicinema.es\/wp-content\/uploads\/2017\/03\/DSC01057.jpg\" alt='' \/><\/div>\n<div class='wp-caption-text'><\/div><\/a>\n<\/dl><dl class='gallery-item gallery-columns-3'><a href=\"http:\/\/musicinema.es\/wp-content\/uploads\/2017\/04\/DSC01043.jpg\" rel='post-135' class=\"fancybox\" title=''>\n<div class='gallery-item-thumb'><img decoding=\"async\" src=\"http:\/\/musicinema.es\/wp-content\/uploads\/2017\/04\/DSC01043.jpg\" alt='' \/><\/div>\n<div class='wp-caption-text'><\/div><\/a>\n<\/dl><dl class='gallery-item gallery-columns-3'><a href=\"http:\/\/musicinema.es\/wp-content\/uploads\/2017\/03\/DSC01055.jpg\" rel='post-135' class=\"fancybox\" title=''>\n<div class='gallery-item-thumb'><img decoding=\"async\" src=\"http:\/\/musicinema.es\/wp-content\/uploads\/2017\/03\/DSC01055.jpg\" alt='' \/><\/div>\n<div class='wp-caption-text'><\/div><\/a>\n<\/dl><dl class='gallery-item gallery-columns-3'><a href=\"http:\/\/musicinema.es\/wp-content\/uploads\/2017\/04\/IMG_3420.jpg\" rel='post-135' class=\"fancybox\" title=''>\n<div class='gallery-item-thumb'><img decoding=\"async\" src=\"http:\/\/musicinema.es\/wp-content\/uploads\/2017\/04\/IMG_3420.jpg\" alt='' \/><\/div>\n<div class='wp-caption-text'><\/div><\/a>\n<\/dl><dl class='gallery-item gallery-columns-3'><a href=\"http:\/\/musicinema.es\/wp-content\/uploads\/2017\/04\/IMG_5827.jpg\" rel='post-135' class=\"fancybox\" title=''>\n<div class='gallery-item-thumb'><img decoding=\"async\" src=\"http:\/\/musicinema.es\/wp-content\/uploads\/2017\/04\/IMG_5827.jpg\" alt='' \/><\/div>\n<div class='wp-caption-text'><\/div><\/a>\n<\/dl><\/div>\n\n<p>Desde la sinopsis, el equipo de rodaje,la escritura del gui\u00f3n, la creaci\u00f3n del vestuario y el atrezzo hasta los efectos especiales. Como novedad, este a\u00f1o&nbsp; rodaremos desde el aire a trav\u00e9s de drones profesionales. Proyectaremos nuestros trabajos en la gala de clausura del curso.<br \/>\nLa banda sonora la ponemos nosotros. CORTEN!<\/p>\n<div style=\"position: relative; height: 0; padding-bottom: 56.25%;\"><iframe loading=\"lazy\" style=\"position: absolute; width: 100%; height: 100%; left: 0;\" src=\"https:\/\/www.youtube.com\/embed\/YsmXk4goJP8\" width=\"640\" height=\"360\" frameborder=\"0\" allowfullscreen=\"allowfullscreen\"><\/iframe><\/div>\n<div style=\"position: relative; height: 0; padding-bottom: 56.25%;\"><iframe loading=\"lazy\" style=\"position: absolute; width: 100%; height: 100%; left: 0;\" src=\"https:\/\/www.youtube.com\/embed\/pgWzDpPrvM4\" width=\"640\" height=\"360\" frameborder=\"0\" allowfullscreen=\"allowfullscreen\"><\/iframe><\/div>\n<div style=\"position: relative; height: 0; padding-bottom: 56.25%;\"><iframe loading=\"lazy\" style=\"position: absolute; width: 100%; height: 100%; left: 0;\" src=\"https:\/\/www.youtube.com\/embed\/LcWI9Xo5nJI\" width=\"640\" height=\"360\" frameborder=\"0\" allow=\"accelerometer; autoplay; encrypted-media; gyroscope; picture-in-picture\" allowfullscreen=\"\"><\/iframe><\/div>\n<div style=\"position: relative; height: 0; padding-bottom: 56.25%;\"><iframe loading=\"lazy\" style=\"position: absolute; width: 100%; height: 100%; left: 0;\" src=\"https:\/\/www.youtube.com\/embed\/vFptCpyX2lQ?ecver=2\" width=\"640\" height=\"360\" frameborder=\"0\" allowfullscreen=\"allowfullscreen\"><\/iframe><\/div>\n<div style=\"position: relative; height: 0; padding-bottom: 56.25%;\"><iframe loading=\"lazy\" style=\"position: absolute; width: 100%; height: 100%; left: 0;\" src=\"https:\/\/www.youtube.com\/embed\/UDe35CARNQk?ecver=2\" width=\"640\" height=\"360\" frameborder=\"0\" allowfullscreen=\"allowfullscreen\"><\/iframe><\/div>\n<div style=\"position: relative; height: 0; padding-bottom: 56.25%;\"><iframe loading=\"lazy\" style=\"position: absolute; width: 100%; height: 100%; left: 0;\" src=\"https:\/\/www.youtube.com\/embed\/XczQJRfPDP8?ecver=2\" width=\"640\" height=\"360\" frameborder=\"0\" allowfullscreen=\"allowfullscreen\"><\/iframe><\/div>\n<div style=\"position: relative; height: 0; padding-bottom: 56.25%;\"><iframe loading=\"lazy\" style=\"position: absolute; width: 100%; height: 100%; left: 0;\" src=\"https:\/\/www.youtube.com\/embed\/4QXzM58K5lU?ecver=2\" width=\"640\" height=\"360\" frameborder=\"0\" allowfullscreen=\"allowfullscreen\"><\/iframe><\/div>\n<div style=\"position: relative; height: 0; padding-bottom: 56.25%;\"><iframe loading=\"lazy\" style=\"position: absolute; width: 100%; height: 100%; left: 0;\" src=\"https:\/\/www.youtube.com\/embed\/YqQAmvutLqk?ecver=2\" width=\"640\" height=\"360\" frameborder=\"0\" allowfullscreen=\"allowfullscreen\"><\/iframe><\/div>\n<div style=\"position: relative; height: 0; padding-bottom: 56.25%;\"><iframe loading=\"lazy\" style=\"position: absolute; width: 100%; height: 100%; left: 0;\" src=\"https:\/\/www.youtube.com\/embed\/LJ0lHxHb-GI?ecver=2\" width=\"640\" height=\"360\" frameborder=\"0\" allowfullscreen=\"allowfullscreen\"><\/iframe><\/div>\n","protected":false},"excerpt":{"rendered":"<p>3,2,1&#8230;&#8230;. ACCi\u00d3N! &nbsp;En las clases de cine aprenderemos c\u00f3mo funciona el s\u00e9ptimo arte en sus fases de preproducci\u00f3n, producci\u00f3n y postproduci\u00f3n. Desde la sinopsis, el equipo de rodaje,la escritura del gui\u00f3n, la creaci\u00f3n del vestuario y el atrezzo hasta los efectos especiales. Como novedad, este a\u00f1o&nbsp; rodaremos desde el aire a trav\u00e9s de drones profesionales. [&hellip;]<\/p>\n","protected":false},"author":1,"featured_media":0,"parent":413,"menu_order":4,"comment_status":"closed","ping_status":"closed","template":"","meta":{"footnotes":""},"wppr_data":{"cwp_meta_box_check":"No"},"_links":{"self":[{"href":"http:\/\/musicinema.es\/index.php?rest_route=\/wp\/v2\/pages\/135"}],"collection":[{"href":"http:\/\/musicinema.es\/index.php?rest_route=\/wp\/v2\/pages"}],"about":[{"href":"http:\/\/musicinema.es\/index.php?rest_route=\/wp\/v2\/types\/page"}],"author":[{"embeddable":true,"href":"http:\/\/musicinema.es\/index.php?rest_route=\/wp\/v2\/users\/1"}],"replies":[{"embeddable":true,"href":"http:\/\/musicinema.es\/index.php?rest_route=%2Fwp%2Fv2%2Fcomments&post=135"}],"version-history":[{"count":10,"href":"http:\/\/musicinema.es\/index.php?rest_route=\/wp\/v2\/pages\/135\/revisions"}],"predecessor-version":[{"id":1075,"href":"http:\/\/musicinema.es\/index.php?rest_route=\/wp\/v2\/pages\/135\/revisions\/1075"}],"up":[{"embeddable":true,"href":"http:\/\/musicinema.es\/index.php?rest_route=\/wp\/v2\/pages\/413"}],"wp:attachment":[{"href":"http:\/\/musicinema.es\/index.php?rest_route=%2Fwp%2Fv2%2Fmedia&parent=135"}],"curies":[{"name":"wp","href":"https:\/\/api.w.org\/{rel}","templated":true}]}}